{"id":596,"date":"2016-03-16T02:59:10","date_gmt":"2016-03-16T02:59:10","guid":{"rendered":"https:\/\/www.naturhorntage.ch\/about-us\/"},"modified":"2025-06-11T21:36:30","modified_gmt":"2025-06-11T21:36:30","slug":"about-us","status":"publish","type":"page","link":"https:\/\/www.naturhorntage.ch\/en\/about-us\/","title":{"rendered":"About us"},"content":{"rendered":"<p>[et_pb_section fb_built=&#8221;1&#8243; _builder_version=&#8221;4.27.4&#8243; _module_preset=&#8221;default&#8221; custom_margin=&#8221;5%||1%||false|false&#8221; custom_margin_tablet=&#8221;5%||||false|false&#8221; custom_margin_phone=&#8221;5%||||false|false&#8221; custom_margin_last_edited=&#8221;on|tablet&#8221; global_colors_info=&#8221;{}&#8221;][et_pb_row _builder_version=&#8221;4.27.4&#8243; _module_preset=&#8221;default&#8221; global_colors_info=&#8221;{}&#8221;][et_pb_column type=&#8221;4_4&#8243; _builder_version=&#8221;4.27.4&#8243; _module_preset=&#8221;default&#8221; global_colors_info=&#8221;{}&#8221;][et_pb_blurb title=&#8221;ABOUT US&#8221; _builder_version=&#8221;4.27.4&#8243; _module_preset=&#8221;default&#8221; header_text_align=&#8221;left&#8221; header_font_size=&#8221;40px&#8221; header_letter_spacing=&#8221;5px&#8221; header_font_size_tablet=&#8221;30px&#8221; header_font_size_phone=&#8221;20px&#8221; header_font_size_last_edited=&#8221;on|phone&#8221; header_letter_spacing_tablet=&#8221;5px&#8221; header_letter_spacing_phone=&#8221;2px&#8221; header_letter_spacing_last_edited=&#8221;on|desktop&#8221; global_colors_info=&#8221;{}&#8221;][\/et_pb_blurb][\/et_pb_column][\/et_pb_row][\/et_pb_section][et_pb_section fb_built=&#8221;1&#8243; admin_label=&#8221;section&#8221; _builder_version=&#8221;4.27.4&#8243; custom_margin=&#8221;||5%||false|false&#8221; global_colors_info=&#8221;{}&#8221;][et_pb_row column_structure=&#8221;1_4,3_4&#8243; admin_label=&#8221;row&#8221; _builder_version=&#8221;4.27.4&#8243; background_size=&#8221;initial&#8221; background_position=&#8221;top_left&#8221; background_repeat=&#8221;repeat&#8221; custom_padding=&#8221;||20px|||&#8221; global_colors_info=&#8221;{}&#8221;][et_pb_column type=&#8221;1_4&#8243; _builder_version=&#8221;4.27.4&#8243; custom_padding=&#8221;|||&#8221; global_colors_info=&#8221;{}&#8221; custom_padding__hover=&#8221;|||&#8221;][et_pb_text admin_label=&#8221;Text&#8221; _builder_version=&#8221;4.27.4&#8243; text_font_size=&#8221;16px&#8221; header_3_font=&#8221;&#8211;et_global_heading_font|600|||||||&#8221; header_3_font_size=&#8221;20px&#8221; header_3_letter_spacing=&#8221;2px&#8221; background_size=&#8221;initial&#8221; background_position=&#8221;top_left&#8221; background_repeat=&#8221;repeat&#8221; text_font_size_tablet=&#8221;14px&#8221; text_font_size_phone=&#8221;12px&#8221; text_font_size_last_edited=&#8221;on|phone&#8221; quote_font_size_tablet=&#8221;14px&#8221; quote_font_size_phone=&#8221;14px&#8221; quote_font_size_last_edited=&#8221;on|phone&#8221; header_3_font_size_tablet=&#8221;18px&#8221; header_3_font_size_phone=&#8221;14px&#8221; header_3_font_size_last_edited=&#8221;on|phone&#8221; header_3_letter_spacing_tablet=&#8221;2px&#8221; header_3_letter_spacing_phone=&#8221;2px&#8221; header_3_letter_spacing_last_edited=&#8221;on|desktop&#8221; header_3_line_height_tablet=&#8221;&#8221; header_3_line_height_phone=&#8221;1em&#8221; header_3_line_height_last_edited=&#8221;on|phone&#8221; global_colors_info=&#8221;{}&#8221;][\/et_pb_text][et_pb_image src=&#8221;https:\/\/www.naturhorntage.ch\/wp-content\/uploads\/2025\/06\/Mariantonia.jpg&#8221; title_text=&#8221;Mariantonia Riezu&#8221; url=&#8221;https:\/\/www.mariantoniariezu.com\/&#8221; url_new_window=&#8221;on&#8221; align=&#8221;center&#8221; _builder_version=&#8221;4.27.4&#8243; _module_preset=&#8221;default&#8221; global_colors_info=&#8221;{}&#8221;][\/et_pb_image][\/et_pb_column][et_pb_column type=&#8221;3_4&#8243; _builder_version=&#8221;4.16&#8243; custom_padding=&#8221;|||&#8221; global_colors_info=&#8221;{}&#8221; custom_padding__hover=&#8221;|||&#8221;][et_pb_text _builder_version=&#8221;4.27.4&#8243; _module_preset=&#8221;default&#8221; global_colors_info=&#8221;{}&#8221;]<\/p>\n<blockquote>\n<p><em>The teachers<\/em><\/p>\n<\/blockquote>\n<p>[\/et_pb_text][et_pb_text _builder_version=&#8221;4.27.4&#8243; _module_preset=&#8221;default&#8221; global_colors_info=&#8221;{}&#8221;]<\/p>\n<ul>\n<li style=\"font-weight: 400;\">\n<p>Mariantonia Riezu is a renowned Spanish historical horn player based in Spain and The Netherlands. She began playing bagpipes aged four, which is heard in her expressivity and musical understanding. Since 2015 she has been playing with the leading orchestras in Europe, Russia and USA. After 8 years, as a member of The Orchestra of Eighteenth Century, in 2024 she has moved on to pursue new synergies and projects aligned with her career as a high-horn player, chamber music artist and soloist. She can be heard regularly playing solo horn concertos with orchestras such as Vigo430 and in halls as \u201cHet Concertgebow Kleine Zaal\u201d. She specializes in solo natural horn music such as her music and poetry project \u201cSOLAS\u201d, awarded by Fonds Podium Kunsten in 2021. Passionate about knowledge she has since 2021 been the Historical Horns bachelor teacher at Conservatorio M\u00fasica Castell\u00f3n (SP) where she has built a natural horn specialists class. She is involved in research of didactical repertoire of the 19th century for Spanish and French music.         <\/p>\n<p><span style=\"color: #8e6601;\"><em>I am extremely excited to get to know all the enthusiastic natural horn players from Swizerland. I am aware that this instrument is rooted in the Swiss cultural heritage, and there could not be a better environment to explore it than the one created at Beatenberg. I can\u00b4t wait to work with all of you there and let the horns be free and wild for few days while sharing our passion for the instrument and it\u00b4s rich and unique repertoire.  <\/em><\/span><\/p>\n<p><span> <u><a href=\"https:\/\/www.mariantoniariezu.com\/\">https:\/\/www.mariantoniariezu.com\/<\/a><\/u><\/span><\/p>\n<\/li>\n<\/ul>\n<p>[\/et_pb_text][\/et_pb_column][\/et_pb_row][et_pb_row column_structure=&#8221;3_5,2_5&#8243; _builder_version=&#8221;4.27.4&#8243; _module_preset=&#8221;default&#8221; custom_padding=&#8221;||17px|||&#8221; global_colors_info=&#8221;{}&#8221;][et_pb_column type=&#8221;3_5&#8243; _builder_version=&#8221;4.27.4&#8243; _module_preset=&#8221;default&#8221; global_colors_info=&#8221;{}&#8221;][et_pb_text _builder_version=&#8221;4.27.4&#8243; _module_preset=&#8221;default&#8221; locked=&#8221;off&#8221; global_colors_info=&#8221;{}&#8221;]<\/p>\n<ul>\n<li>\n<p data-start=\"48\" data-end=\"312\">Alexandre Zanetta comes from near Paris and discovered his passion for the horn at an early age. After studying in Berlin and L\u00fcbeck, he deepened his knowledge of historical horns at the Schola Cantorum Basiliensis with Thomas M\u00fcller and Jean-Fran\u00e7ois Madeuf. <\/p>\n<p data-start=\"314\" data-end=\"504\">He specializes in the baroque horn with a historically authentic approach. Since 2021, he has been teaching historical horn in Trossingen, at the HEM Geneva, and also at music schools. <\/p>\n<p data-start=\"506\" data-end=\"744\">As a sought-after musician, he plays with renowned ensembles such as La Cetra, Collegium 1704, and Caf\u00e9 Zimmermann. In fall 2022, he succeeded Thomas M\u00fcller as professor of historical horn at the Schola Cantorum Basiliensis. <\/p>\n<p data-start=\"506\" data-end=\"744\">\n<p><span style=\"color: #004f01;\"><em><a href=\"https:\/\/alexandrezanetta.com\/\" style=\"color: #004f01;\">I always look forward to meeting new horn and natural horn enthusiasts. The setting in beautiful Beatenberg is fabulous and promises exciting exchanges\u2014both musically and personally. We can look forward to lots of fun with music, playing together, and enjoying nature, so I am already very excited about the Natural Horn Academy!  <\/a><\/em><\/span><\/p>\n<p><u style=\"font-size: 14px;\"><a href=\"https:\/\/alexandrezanetta.com\/\">https:\/\/alexandrezanetta.com\/<\/a><\/u><\/p>\n<\/li>\n<\/ul>\n<p>[\/et_pb_text][\/et_pb_column][et_pb_column type=&#8221;2_5&#8243; _builder_version=&#8221;4.27.4&#8243; _module_preset=&#8221;default&#8221; global_colors_info=&#8221;{}&#8221;][et_pb_image src=&#8221;https:\/\/www.naturhorntage.ch\/wp-content\/uploads\/2025\/05\/Cafe-Zimmermann-7-scaled.jpg&#8221; title_text=&#8221;alexandrezanetta.com&#8221; url=&#8221;https:\/\/alexandrezanetta.com\/&#8221; url_new_window=&#8221;on&#8221; align=&#8221;center&#8221; _builder_version=&#8221;4.27.4&#8243; _module_preset=&#8221;default&#8221; custom_margin=&#8221;3px|||||&#8221; locked=&#8221;off&#8221; global_colors_info=&#8221;{}&#8221;][\/et_pb_image][\/et_pb_column][\/et_pb_row][et_pb_row column_structure=&#8221;1_5,3_5,1_5&#8243; _builder_version=&#8221;4.27.4&#8243; _module_preset=&#8221;default&#8221; custom_padding=&#8221;||19px|||&#8221; global_colors_info=&#8221;{}&#8221;][et_pb_column type=&#8221;1_5&#8243; _builder_version=&#8221;4.27.4&#8243; _module_preset=&#8221;default&#8221; global_colors_info=&#8221;{}&#8221;][et_pb_image src=&#8221;https:\/\/www.naturhorntage.ch\/wp-content\/uploads\/2025\/05\/WhatsApp-Image-2025-05-16-at-11.22.12.jpeg&#8221; title_text=&#8221;Camille de Nantes&#8221; _builder_version=&#8221;4.27.4&#8243; _module_preset=&#8221;default&#8221; min_height=&#8221;100px&#8221; custom_padding=&#8221;0px|||||&#8221; locked=&#8221;off&#8221; global_colors_info=&#8221;{}&#8221;][\/et_pb_image][\/et_pb_column][et_pb_column type=&#8221;3_5&#8243; _builder_version=&#8221;4.27.4&#8243; _module_preset=&#8221;default&#8221; global_colors_info=&#8221;{}&#8221;][et_pb_text _builder_version=&#8221;4.27.4&#8243; _module_preset=&#8221;default&#8221; custom_padding=&#8221;||0px|||&#8221; locked=&#8221;off&#8221; global_colors_info=&#8221;{}&#8221;]<\/p>\n<ul>\n<li>After completing a bachelor&#8217;s degree in piano and a diploma in pedagogy in France, Camille de Nantes continued her studies at the Schola Cantorum in Basel in Edoardo Torbianelli&#8217;s fortepiano class. There she obtained a Bachelor&#8217;s and a Master&#8217;s degree and specialized in accompanying singers in particular.<br \/>As a prizewinner of the Fondation Royaumont and the Young Europe Sings Academy, she has had the opportunity to perform in France, Germany, Poland and Slovenia. <\/li>\n<\/ul>\n<p>[\/et_pb_text][\/et_pb_column][et_pb_column type=&#8221;1_5&#8243; _builder_version=&#8221;4.27.4&#8243; _module_preset=&#8221;default&#8221; global_colors_info=&#8221;{}&#8221;][\/et_pb_column][\/et_pb_row][et_pb_row admin_label=&#8221;row&#8221; _builder_version=&#8221;4.27.4&#8243; background_color=&#8221;rgba(35,153,39,0.27)&#8221; background_size=&#8221;initial&#8221; background_position=&#8221;top_left&#8221; background_repeat=&#8221;repeat&#8221; custom_padding=&#8221;0px|||||&#8221; global_colors_info=&#8221;{}&#8221;][et_pb_column type=&#8221;4_4&#8243; _builder_version=&#8221;4.16&#8243; custom_padding=&#8221;|||&#8221; global_colors_info=&#8221;{}&#8221; custom_padding__hover=&#8221;|||&#8221;][et_pb_text admin_label=&#8221;Text&#8221; _builder_version=&#8221;4.27.4&#8243; text_font_size=&#8221;16px&#8221; header_3_font=&#8221;&#8211;et_global_heading_font|600|||||||&#8221; header_3_font_size=&#8221;20px&#8221; header_3_letter_spacing=&#8221;2px&#8221; background_size=&#8221;initial&#8221; background_position=&#8221;top_left&#8221; background_repeat=&#8221;repeat&#8221; text_font_size_tablet=&#8221;14px&#8221; text_font_size_phone=&#8221;12px&#8221; text_font_size_last_edited=&#8221;on|phone&#8221; header_3_font_size_tablet=&#8221;18px&#8221; header_3_font_size_phone=&#8221;14px&#8221; header_3_font_size_last_edited=&#8221;on|phone&#8221; header_3_letter_spacing_tablet=&#8221;2px&#8221; header_3_letter_spacing_phone=&#8221;2px&#8221; header_3_letter_spacing_last_edited=&#8221;on|desktop&#8221; header_3_line_height_tablet=&#8221;&#8221; header_3_line_height_phone=&#8221;1em&#8221; header_3_line_height_last_edited=&#8221;on|phone&#8221; global_colors_info=&#8221;{}&#8221;]<\/p>\n<blockquote>\n<p><span style=\"color: #2d512f;\"><em>Comments from an amateur natural horn player<\/em><\/span><\/p>\n<\/blockquote>\n<p style=\"font-weight: 400;\"><span style=\"color: #166d13; font-size: small;\">Curiosity led me to start playing the natural horn four years ago. I was driven by questions. For example, why do you have to transpose most pieces in a symphony orchestra and not the other instruments? Special brain acrobatics for the horns, which are otherwise already busy enough with their \u201cgills\u201d? Or after listening to various Mozart horn solo recordings, I wondered why some recordings sound a bit monotonous and others are fun, light and with different fascinating timbres as if played by a different instrument? My research led me to the nearby instrument maker Egger, where the story began&#8230;     <\/span><\/p>\n<p style=\"font-weight: 400;\"><span style=\"color: #166d13; font-size: small;\">In my search for like-minded people I quickly reached my limits. There are hardly any amateurs in this field. I want to change that which is why I am involved in the organization of the Swiss Natural Horn Academy in Beatenberg and &#8211; of course &#8211; also take part in them.  <\/span><\/p>\n<p style=\"font-weight: 400;\"><span style=\"color: #166d13; font-size: small;\">There is currently no comparable offer in Switzerland. However, historical performance practice is practiced in the professional scene and will gain importance in the amateur scene with a time lag. <\/span><\/p>\n<p style=\"font-weight: 400;\"><span style=\"color: #166d13; font-size: small;\">Prejudices against natural horns are particularly widespread among amateurs. They are said to be more difficult to play than modern double horns and the intonation is not right. However, when they are used for the music for which they were created, it quickly becomes apparent that they are perfectly suited to it! There is a lot to be said for the natural horn:   <\/span><\/p>\n<ul>\n<li><span style=\"color: #166d13; font-size: small;\">No more tedious transposing.<\/span><\/li>\n<li><span style=\"color: #166d13; font-size: small;\">Due to the narrower scale length, the high notes are easier to reach.<\/span><\/li>\n<li><span style=\"color: #166d13; font-size: small;\">Every crook offers new timbres.<\/span><\/li>\n<li><span style=\"font-size: small; color: #166d13;\">It weighs much less.<\/span><\/li>\n<li><span style=\"font-size: small; color: #166d13;\">More virtuoso playing because no valves have to be folded down.<\/span><\/li>\n<li><span style=\"color: #166d13; font-size: small;\">Interesting new experiences of how the horn sound is formed.<\/span><\/li>\n<li><span style=\"color: #166d13; font-size: small;\">The longer tubes promote concentrated and clear airflow not only for the natural horn, but also for the modern double horn. The overall sound becomes airier and fuller. <\/span><\/li>\n<li><span style=\"color: #166d13; font-size: small;\">Stopping is fun!<\/span><\/li>\n<li><span style=\"color: #166d13; font-size: small;\">Promotes musical imagination, because you have to visualize each note before it is formed.<\/span><\/li>\n<li><span style=\"color: #166d13; font-size: small;\">The radiant sound of natural tones!<\/span><\/li>\n<\/ul>\n<p><span style=\"font-weight: 400; color: #166d13; font-size: small;\">That is why I would like to encourage you all to experience the natural horns together. <strong>See you in Beatenberg!<\/strong><\/span><\/p>\n<p><span style=\"font-size: small;\"><span style=\"color: #2d512f;\"><strong><em>Rahel Schaub<\/em><\/strong><\/span><span style=\"font-weight: 400;\"><strong><\/strong><\/span><\/span><\/p>\n<p><span style=\"text-decoration: underline; font-size: small;\"><a href=\"https:\/\/musicaperfiati.ch\/\"><span style=\"color: #2d512f;\"><strong>https:\/\/musicaperfiati.ch\/<\/strong><\/span><\/a><\/span><\/p>\n<p><span style=\"font-weight: 400;\"><strong><\/strong><\/span><\/p>\n<p>[\/et_pb_text][\/et_pb_column][\/et_pb_row][\/et_pb_section]<\/p>\n","protected":false},"excerpt":{"rendered":"<p>The teachers Mariantonia Riezu is a renowned Spanish historical horn player based in Spain and The Netherlands. She began playing bagpipes aged four, which is heard in her expressivity and musical understanding. Since 2015 she has been playing with the leading orchestras in Europe, Russia and USA. After 8 years, as a member of The [&hellip;]<\/p>\n","protected":false},"author":2,"featured_media":0,"parent":0,"menu_order":3,"comment_status":"closed","ping_status":"closed","template":"","meta":{"_et_pb_use_builder":"on","_et_pb_old_content":"","_et_gb_content_width":"","_custom_body_class":"","_custom_post_class":"","footnotes":""},"class_list":["post-596","page","type-page","status-publish","hentry"],"_links":{"self":[{"href":"https:\/\/www.naturhorntage.ch\/en\/wp-json\/wp\/v2\/pages\/596","targetHints":{"allow":["GET"]}}],"collection":[{"href":"https:\/\/www.naturhorntage.ch\/en\/wp-json\/wp\/v2\/pages"}],"about":[{"href":"https:\/\/www.naturhorntage.ch\/en\/wp-json\/wp\/v2\/types\/page"}],"author":[{"embeddable":true,"href":"https:\/\/www.naturhorntage.ch\/en\/wp-json\/wp\/v2\/users\/2"}],"replies":[{"embeddable":true,"href":"https:\/\/www.naturhorntage.ch\/en\/wp-json\/wp\/v2\/comments?post=596"}],"version-history":[{"count":40,"href":"https:\/\/www.naturhorntage.ch\/en\/wp-json\/wp\/v2\/pages\/596\/revisions"}],"predecessor-version":[{"id":1163,"href":"https:\/\/www.naturhorntage.ch\/en\/wp-json\/wp\/v2\/pages\/596\/revisions\/1163"}],"wp:attachment":[{"href":"https:\/\/www.naturhorntage.ch\/en\/wp-json\/wp\/v2\/media?parent=596"}],"curies":[{"name":"wp","href":"https:\/\/api.w.org\/{rel}","templated":true}]}}